{"id":469,"date":"2013-04-20T02:19:14","date_gmt":"2013-04-20T01:19:14","guid":{"rendered":"http:\/\/www.relookemeraude.fr\/?page_id=469"},"modified":"2022-06-14T01:09:23","modified_gmt":"2022-06-14T01:09:23","slug":"ateliers-a-themes","status":"publish","type":"page","link":"http:\/\/www.relookemeraude.fr\/?page_id=469","title":{"rendered":"Ateliers \u00e0 Th\u00e8mes"},"content":{"rendered":"\t\t<div data-elementor-type=\"wp-page\" data-elementor-id=\"469\" class=\"elementor elementor-469\">\n\t\t\t\t\t\t<section class=\"elementor-section elementor-top-section elementor-element elementor-element-0be7572 elementor-section-boxed elementor-section-height-default elementor-section-height-default wpr-particle-no wpr-jarallax-no wpr-parallax-no wpr-sticky-section-no wpr-equal-height-no\" data-id=\"0be7572\" data-element_type=\"section\" data-e-type=\"section\">\n\t\t\t\t\t\t<div class=\"elementor-container elementor-column-gap-default\">\n\t\t\t\t\t<div class=\"elementor-column elementor-col-33 elementor-top-column elementor-element elementor-element-2784502\" data-id=\"2784502\" data-element_type=\"column\" data-e-type=\"column\">\n\t\t\t<div class=\"elementor-widget-wrap elementor-element-populated\">\n\t\t\t\t\t\t<div class=\"elementor-element elementor-element-76d8ced elementor-widget elementor-widget-image\" data-id=\"76d8ced\" data-element_type=\"widget\" data-e-type=\"widget\" data-widget_type=\"image.default\">\n\t\t\t\t<div class=\"elementor-widget-container\">\n\t\t\t\t\t\t\t\t\t\t\t\t\t\t\t<img fetchpriority=\"high\" decoding=\"async\" width=\"1920\" height=\"1282\" src=\"http:\/\/www.relookemeraude.fr\/wp-content\/uploads\/2022\/06\/relookemeraude_ateliers_stmalo.png\" class=\"attachment-full size-full wp-image-2544\" alt=\"\" srcset=\"http:\/\/www.relookemeraude.fr\/wp-content\/uploads\/2022\/06\/relookemeraude_ateliers_stmalo.png 1920w, http:\/\/www.relookemeraude.fr\/wp-content\/uploads\/2022\/06\/relookemeraude_ateliers_stmalo-300x200.png 300w, http:\/\/www.relookemeraude.fr\/wp-content\/uploads\/2022\/06\/relookemeraude_ateliers_stmalo-1024x684.png 1024w, http:\/\/www.relookemeraude.fr\/wp-content\/uploads\/2022\/06\/relookemeraude_ateliers_stmalo-768x513.png 768w, http:\/\/www.relookemeraude.fr\/wp-content\/uploads\/2022\/06\/relookemeraude_ateliers_stmalo-1536x1026.png 1536w, http:\/\/www.relookemeraude.fr\/wp-content\/uploads\/2022\/06\/relookemeraude_ateliers_stmalo-1140x761.png 1140w\" sizes=\"(max-width: 1920px) 100vw, 1920px\" \/>\t\t\t\t\t\t\t\t\t\t\t\t\t\t\t<\/div>\n\t\t\t\t<\/div>\n\t\t\t\t\t<\/div>\n\t\t<\/div>\n\t\t\t\t<div class=\"elementor-column elementor-col-33 elementor-top-column elementor-element elementor-element-83c90ba\" data-id=\"83c90ba\" data-element_type=\"column\" data-e-type=\"column\">\n\t\t\t<div class=\"elementor-widget-wrap elementor-element-populated\">\n\t\t\t\t\t\t<div class=\"elementor-element elementor-element-70adde0 elementor-hidden-tablet elementor-hidden-mobile elementor-widget elementor-widget-spacer\" data-id=\"70adde0\" data-element_type=\"widget\" data-e-type=\"widget\" data-widget_type=\"spacer.default\">\n\t\t\t\t<div class=\"elementor-widget-container\">\n\t\t\t\t\t\t\t<div class=\"elementor-spacer\">\n\t\t\t<div class=\"elementor-spacer-inner\"><\/div>\n\t\t<\/div>\n\t\t\t\t\t\t<\/div>\n\t\t\t\t<\/div>\n\t\t\t\t<div class=\"elementor-element elementor-element-e12606a elementor-widget elementor-widget-heading\" data-id=\"e12606a\" data-element_type=\"widget\" data-e-type=\"widget\" data-widget_type=\"heading.default\">\n\t\t\t\t<div class=\"elementor-widget-container\">\n\t\t\t\t\t<h1 class=\"elementor-heading-title elementor-size-default\">ATELIER \u00c0 TH\u00c8MES<\/h1>\t\t\t\t<\/div>\n\t\t\t\t<\/div>\n\t\t\t\t\t<\/div>\n\t\t<\/div>\n\t\t\t\t<div class=\"elementor-column elementor-col-33 elementor-top-column elementor-element elementor-element-c247be0\" data-id=\"c247be0\" data-element_type=\"column\" data-e-type=\"column\">\n\t\t\t<div class=\"elementor-widget-wrap elementor-element-populated\">\n\t\t\t\t\t\t<div class=\"elementor-element elementor-element-300fd1c0 elementor-widget elementor-widget-text-editor\" data-id=\"300fd1c0\" data-element_type=\"widget\" data-e-type=\"widget\" data-widget_type=\"text-editor.default\">\n\t\t\t\t<div class=\"elementor-widget-container\">\n\t\t\t\t\t\t\t\t\t<p><span style=\"font-family: var( --e-global-typography-text-font-family ), Sans-serif; letter-spacing: 0px;\">Ces ateliers sont des moments de convivialit\u00e9 et de complicit\u00e9 \u00e0 partager entre amies, coll\u00e8gues, en famille, pour un enterrement de vie de jeune fille ou tout simplement pour se faire plaisir. Vous en ressortirez avec des techniques professionnelles, des astuces et conseils personnalis\u00e9s. R\u00e9unissez 3, 4 ou 5 personnes et choisissez votre th\u00e8me parmi les suivants&nbsp;:<\/span><br><\/p>\n<ul>\n<li>Atelier maquillage (maquillage de tous les jours visant \u00e0 mettre en valeur votre visage)&nbsp;: ou l\u2019art d\u2019\u00eatre radieuse le jour&nbsp;!<\/li>\n<li>Atelier<span style=\"mso-spacerun: yes;\">&nbsp; <\/span>maquillage soir et f\u00eates&nbsp;: ou l\u2019art d\u2019\u00eatre fatale le soir&nbsp;!<span style=\"mso-spacerun: yes;\">&nbsp;&nbsp;&nbsp;&nbsp;&nbsp;&nbsp;&nbsp;&nbsp;&nbsp;&nbsp;&nbsp;&nbsp;&nbsp;&nbsp;&nbsp;&nbsp;&nbsp;&nbsp;&nbsp;&nbsp;&nbsp;&nbsp; <\/span><\/li>\n<li>Atelier morphologie et style<\/li>\n<li><span style=\"mso-spacerun: yes;\"> A<\/span>telier couleurs<span style=\"mso-spacerun: yes;\">&nbsp;<\/span><\/li>\n<li><span style=\"mso-spacerun: yes;\">A<\/span><span style=\"mso-spacerun: yes;\">telier coiffure&nbsp;&nbsp;&nbsp;&nbsp; <\/span><span style=\"mso-spacerun: yes;\"><br><\/span><\/li>\n<\/ul>\n<p>Les ateliers se d\u00e9roulent \u00e0 votre domicile avec vos amies<span style=\"mso-spacerun: yes;\"> (<\/span>la prestation est offerte \u00e0 la personne qui m\u2019accueille).<\/p>\n<p><br><\/p>\t\t\t\t\t\t\t\t<\/div>\n\t\t\t\t<\/div>\n\t\t\t\t\t<\/div>\n\t\t<\/div>\n\t\t\t\t\t<\/div>\n\t\t<\/section>\n\t\t\t\t<\/div>\n\t\t","protected":false},"excerpt":{"rendered":"<p>ATELIER \u00c0 TH\u00c8MES Ces ateliers sont des moments de convivialit\u00e9 et de complicit\u00e9 \u00e0 partager entre amies, coll\u00e8gues, en famille, pour un enterrement de vie de jeune fille ou tout simplement pour se faire plaisir. Vous en ressortirez avec des techniques professionnelles, des astuces et conseils personnalis\u00e9s. R\u00e9unissez 3, 4 ou 5 personnes et choisissez votre th\u00e8me parmi les suivants&nbsp;: Atelier maquillage (maquillage de tous les jours visant \u00e0 mettre en valeur votre visage)&nbsp;: ou l\u2019art d\u2019\u00eatre radieuse le jour&nbsp;! Atelier&nbsp; maquillage soir et f\u00eates&nbsp;: ou l\u2019art d\u2019\u00eatre fatale le soir&nbsp;!&nbsp;&nbsp;&nbsp;&nbsp;&nbsp;&nbsp;&nbsp;&nbsp;&nbsp;&nbsp;&nbsp;&nbsp;&nbsp;&nbsp;&nbsp;&nbsp;&nbsp;&nbsp;&nbsp;&nbsp;&nbsp;&nbsp; Atelier morphologie et style Atelier couleurs&nbsp; Atelier coiffure&nbsp;&nbsp;&nbsp;&nbsp; Les ateliers se d\u00e9roulent \u00e0 votre domicile avec vos amies (la prestation est offerte \u00e0 la personne qui m\u2019accueille).<\/p>\n","protected":false},"author":1,"featured_media":0,"parent":456,"menu_order":1,"comment_status":"closed","ping_status":"closed","template":"elementor_canvas","meta":{"footnotes":""},"class_list":["post-469","page","type-page","status-publish","hentry"],"_links":{"self":[{"href":"http:\/\/www.relookemeraude.fr\/index.php?rest_route=\/wp\/v2\/pages\/469","targetHints":{"allow":["GET"]}}],"collection":[{"href":"http:\/\/www.relookemeraude.fr\/index.php?rest_route=\/wp\/v2\/pages"}],"about":[{"href":"http:\/\/www.relookemeraude.fr\/index.php?rest_route=\/wp\/v2\/types\/page"}],"author":[{"embeddable":true,"href":"http:\/\/www.relookemeraude.fr\/index.php?rest_route=\/wp\/v2\/users\/1"}],"replies":[{"embeddable":true,"href":"http:\/\/www.relookemeraude.fr\/index.php?rest_route=%2Fwp%2Fv2%2Fcomments&post=469"}],"version-history":[{"count":28,"href":"http:\/\/www.relookemeraude.fr\/index.php?rest_route=\/wp\/v2\/pages\/469\/revisions"}],"predecessor-version":[{"id":2591,"href":"http:\/\/www.relookemeraude.fr\/index.php?rest_route=\/wp\/v2\/pages\/469\/revisions\/2591"}],"up":[{"embeddable":true,"href":"http:\/\/www.relookemeraude.fr\/index.php?rest_route=\/wp\/v2\/pages\/456"}],"wp:attachment":[{"href":"http:\/\/www.relookemeraude.fr\/index.php?rest_route=%2Fwp%2Fv2%2Fmedia&parent=469"}],"curies":[{"name":"wp","href":"https:\/\/api.w.org\/{rel}","templated":true}]}}